{"id":855,"date":"2025-11-04T12:17:58","date_gmt":"2025-11-04T11:17:58","guid":{"rendered":"https:\/\/www.loiret-haentjens.fr\/sucre-reunion\/"},"modified":"2025-12-05T10:47:30","modified_gmt":"2025-12-05T09:47:30","slug":"azucar-de-la-reunion","status":"publish","type":"page","link":"https:\/\/www.loiret-haentjens.fr\/es\/azucar-de-la-reunion\/","title":{"rendered":"Az\u00facar de La Reuni\u00f3n"},"content":{"rendered":"\n<div class=\"wp-block-group alignfull has-global-padding is-layout-constrained wp-container-core-group-is-layout-19e250f3 wp-block-group-is-layout-constrained\">\n<div class=\"wp-block-group alignfull has-light-grey-background-color has-background has-global-padding is-layout-constrained wp-block-group-is-layout-constrained\" style=\"padding-top:var(--wp--preset--spacing--plus-4);padding-bottom:var(--wp--preset--spacing--plus-4)\">\n<div class=\"wp-block-columns alignwide imcr-reverse-mobile is-layout-flex wp-container-core-columns-is-layout-28f84493 wp-block-columns-is-layout-flex\">\n<div class=\"wp-block-column is-layout-flow wp-block-column-is-layout-flow\">\n<figure class=\"wp-block-image size-full\"><img decoding=\"async\" width=\"471\" height=\"471\" src=\"https:\/\/www.loiret-haentjens.fr\/wp-content\/uploads\/mask-group-2.jpg\" alt=\"\" class=\"wp-image-787\" srcset=\"https:\/\/www.loiret-haentjens.fr\/wp-content\/uploads\/mask-group-2.jpg 471w, https:\/\/www.loiret-haentjens.fr\/wp-content\/uploads\/mask-group-2-300x300.jpg 300w, https:\/\/www.loiret-haentjens.fr\/wp-content\/uploads\/mask-group-2-150x150.jpg 150w\" sizes=\"(max-width: 471px) 100vw, 471px\" \/><\/figure>\n<\/div>\n\n\n\n<div class=\"wp-block-column is-layout-flow wp-container-core-column-is-layout-5ef576b3 wp-block-column-is-layout-flow\">\n<div class=\"wp-block-group has-global-padding is-layout-constrained wp-container-core-group-is-layout-2837bb26 wp-block-group-is-layout-constrained\">\n<h2 class=\"wp-block-heading has-dark-green-color has-text-color has-link-color wp-elements-6cddf2f0c54aa1d44ab788676383f473\">El az\u00facar de La Reuni\u00f3n: un origen de excelencia<\/h2>\n<\/div>\n\n\n\n<div class=\"wp-block-group is-vertical is-layout-flex wp-container-core-group-is-layout-e4cf44bc wp-block-group-is-layout-flex\">\n<div class=\"wp-block-group has-global-padding is-layout-constrained wp-container-core-group-is-layout-7ca77c4d wp-block-group-is-layout-constrained\">\n<p>Situada en el coraz\u00f3n del&nbsp;Oc\u00e9ano \u00cdndico, La Reuni\u00f3n disfruta de condiciones naturales \u00fanicas para el cultivo de la ca\u00f1a de az\u00facar: un clima tropical, suelos volc\u00e1nicos f\u00e9rtiles y una elevada pluviometr\u00eda.<br>El az\u00facar de La Reuni\u00f3n se produce mediante un proceso totalmente controlado a nivel local, desde la cosecha hasta el envasado. Estas ventajas, combinadas con m\u00e1s de dos siglos de experiencia agr\u00edcola e industrial, otorgan al az\u00facar de La Reuni\u00f3n una reputaci\u00f3n de calidad que trasciende ampliamente la isla.<\/p>\n\n\n\n<p>Hoy en d\u00eda, la industria azucarera local se apoya en algunas de las instalaciones de producci\u00f3n m\u00e1s eficientes del mundo, logrando combinar tradici\u00f3n e innovaci\u00f3n. Gracias a este\u00a0conocimiento\u00a0excepcional, La Reuni\u00f3n se ha convertido en l\u00edder en az\u00facares de alta gama, con aproximadamente el 50 % de su producci\u00f3n dedicada a az\u00facares premium.<\/p>\n\n\n\n<p>Fruto de un trabajo de investigaci\u00f3n y de una experiencia sensorial \u00fanica, el sector ofrece una amplia gama de az\u00facares especiales no refinados: desde az\u00facares rubios claros, sutiles y delicados, hasta az\u00facares morenos oscuros con intensas notas de caramelo y regaliz, pasando por una variedad de morenos con reflejos \u00e1mbar y cobrizos.<br>Reconocida por su riqueza arom\u00e1tica, su pureza y su regularidad, esta\u00a0amplia oferta\u00a0responde tanto a las expectativas de los profesionales como de los consumidores que buscan autenticidad y calidad.<\/p>\n<\/div>\n<\/div>\n<\/div>\n<\/div>\n<\/div>\n\n\n\n<div class=\"wp-block-group alignwide has-global-padding is-layout-constrained wp-block-group-is-layout-constrained\" style=\"padding-top:var(--wp--preset--spacing--plus-4);padding-bottom:var(--wp--preset--spacing--plus-4)\">\n<div class=\"wp-block-group alignwide has-global-padding is-layout-constrained wp-container-core-group-is-layout-2b901cca wp-block-group-is-layout-constrained\">\n<div class=\"wp-block-media-text alignwide is-stacked-on-mobile  \"><figure class=\"wp-block-media-text__media\"><img decoding=\"async\" width=\"469\" height=\"469\" src=\"https:\/\/www.loiret-haentjens.fr\/wp-content\/uploads\/group-58.jpg\" alt=\"\" class=\"wp-image-789 size-full\" srcset=\"https:\/\/www.loiret-haentjens.fr\/wp-content\/uploads\/group-58.jpg 469w, https:\/\/www.loiret-haentjens.fr\/wp-content\/uploads\/group-58-300x300.jpg 300w, https:\/\/www.loiret-haentjens.fr\/wp-content\/uploads\/group-58-150x150.jpg 150w\" sizes=\"(max-width: 469px) 100vw, 469px\" \/><\/figure><div class=\"wp-block-media-text__content\">\n<h2 class=\"wp-block-heading has-dark-green-color has-text-color has-link-color wp-elements-9e8bb4dcb124ad14fdf72f383764b889\">Un sector local estructurado y comprometido<\/h2>\n\n\n\n<p>Sostenido por un modelo agr\u00edcola familiar profundamente arraigado en el territorio, el sector de la ca\u00f1a de az\u00facar de La Reuni\u00f3n se organiza alrededor de dos ingenios eficientes que transforman la ca\u00f1a cultivada localmente.<br>Desde hace m\u00e1s de 20 a\u00f1os, Loiret &amp; Ha\u00ebntjens se apoya en esta s\u00f3lida colaboraci\u00f3n, basada en la confianza, la proximidad y la calidad del servicio.<\/p>\n\n\n\n<p>Trabajamos en estrecha colaboraci\u00f3n con los actores del sector para asegurar los abastecimientos, seguir las evoluciones agron\u00f3micas y responder a las necesidades espec\u00edficas de nuestros clientes.<\/p>\n<\/div><\/div>\n\n\n\n<div class=\"wp-block-media-text alignwide has-media-on-the-right is-stacked-on-mobile imcr-reverse-mobile \"><div class=\"wp-block-media-text__content\">\n<h2 class=\"wp-block-heading has-dark-green-color has-text-color has-link-color wp-elements-eabd00c3c796a64544d9fd9a004dc68c\">Un origen local para una oferta europea<\/h2>\n\n\n\n<p>Aunque situada fuera del continente, La Reuni\u00f3n es un departamento franc\u00e9s de ultramar. El az\u00facar producido localmente posee, por&nbsp;lo&nbsp;tanto,&nbsp;<strong>estatus de producto europeo<\/strong>, lo que facilita su circulaci\u00f3n dentro de la Uni\u00f3n Europea.<br>Es una ventaja log\u00edstica y reglamentaria importante, especialmente para los clientes que buscan or\u00edgenes trazables, estables y conformes a las normas europeas.<\/p>\n\n\n\n<p>Asimismo, todo el sector respeta las normas europeas m\u00e1s exigentes \u2014ya sea en materia de seguridad alimentaria, calidad o sostenibilidad\u2014 garantizando a los compradores un producto que cumple con los est\u00e1ndares m\u00e1s altos del mundo.<\/p>\n\n\n\n<div class=\"wp-block-group certificate-group has-light-grey-background-color has-background is-nowrap is-layout-flex wp-container-core-group-is-layout-f1f646b6 wp-block-group-is-layout-flex\" style=\"padding-top:0;padding-bottom:0\">\n<figure class=\"wp-block-image size-large\"><img decoding=\"async\" width=\"24\" height=\"24\" src=\"https:\/\/www.loiret-haentjens.fr\/wp-content\/uploads\/qualite-1.svg\" alt=\"\" class=\"wp-image-793\"\/><\/figure>\n\n\n\n<p><strong><strong>Los ingenios azucareros de La Reuni\u00f3n cuentan con certificaci\u00f3n FSSC 22000<\/strong><\/strong><\/p>\n<\/div>\n<\/div><figure class=\"wp-block-media-text__media\"><img decoding=\"async\" width=\"469\" height=\"469\" src=\"https:\/\/www.loiret-haentjens.fr\/wp-content\/uploads\/group-58-1.jpg\" alt=\"\" class=\"wp-image-790 size-full\" srcset=\"https:\/\/www.loiret-haentjens.fr\/wp-content\/uploads\/group-58-1.jpg 469w, https:\/\/www.loiret-haentjens.fr\/wp-content\/uploads\/group-58-1-300x300.jpg 300w, https:\/\/www.loiret-haentjens.fr\/wp-content\/uploads\/group-58-1-150x150.jpg 150w\" sizes=\"(max-width: 469px) 100vw, 469px\" \/><\/figure><\/div>\n<\/div>\n<\/div>\n<\/div>\n","protected":false},"excerpt":{"rendered":"<p>El az\u00facar de La Reuni\u00f3n: un origen de excelencia Situada en el coraz\u00f3n del&nbsp;Oc\u00e9ano \u00cdndico, La Reuni\u00f3n disfruta de condiciones naturales \u00fanicas para el cultivo de la ca\u00f1a de az\u00facar: un clima tropical, suelos volc\u00e1nicos f\u00e9rtiles y una elevada pluviometr\u00eda.El az\u00facar de La Reuni\u00f3n se produce mediante un proceso totalmente controlado a nivel local, desde [&hellip;]<\/p>\n","protected":false},"author":1,"featured_media":856,"parent":0,"menu_order":0,"comment_status":"closed","ping_status":"closed","template":"","meta":{"_acf_changed":false,"footnotes":""},"class_list":["post-855","page","type-page","status-publish","has-post-thumbnail","hentry"],"acf":[],"yoast_head":"<!-- This site is optimized with the Yoast SEO plugin v26.5 - https:\/\/yoast.com\/wordpress\/plugins\/seo\/ -->\n<title>Az\u00facar de La Reuni\u00f3n | Loiret &amp; Ha\u00ebntjens<\/title>\n<meta name=\"description\" content=\"El az\u00facar de La Reuni\u00f3n: un origen de excelencia Situada en el coraz\u00f3n del&nbsp;Oc\u00e9ano \u00cdndico, La Reuni\u00f3n disfruta de condiciones naturales \u00fanicas para el\" \/>\n<meta name=\"robots\" content=\"index, follow, max-snippet:-1, max-image-preview:large, max-video-preview:-1\" \/>\n<link rel=\"canonical\" href=\"https:\/\/www.loiret-haentjens.fr\/es\/azucar-de-la-reunion\/\" \/>\n<meta property=\"og:locale\" content=\"es_ES\" \/>\n<meta property=\"og:type\" content=\"article\" \/>\n<meta property=\"og:title\" content=\"Az\u00facar de La Reuni\u00f3n | Loiret &amp; Ha\u00ebntjens\" \/>\n<meta property=\"og:description\" content=\"El az\u00facar de La Reuni\u00f3n: un origen de excelencia Situada en el coraz\u00f3n del&nbsp;Oc\u00e9ano \u00cdndico, La Reuni\u00f3n disfruta de condiciones naturales \u00fanicas para el\" \/>\n<meta property=\"og:url\" content=\"https:\/\/www.loiret-haentjens.fr\/es\/azucar-de-la-reunion\/\" \/>\n<meta property=\"og:site_name\" content=\"Loiret &amp; Ha\u00ebntjens\" \/>\n<meta property=\"article:modified_time\" content=\"2025-12-05T09:47:30+00:00\" \/>\n<meta property=\"og:image\" content=\"https:\/\/www.loiret-haentjens.fr\/wp-content\/uploads\/68b2e29dedca8afdb1e32bc6c88b07779ba1cbcb-scaled.jpg\" \/>\n\t<meta property=\"og:image:width\" content=\"2560\" \/>\n\t<meta property=\"og:image:height\" content=\"1917\" \/>\n\t<meta property=\"og:image:type\" content=\"image\/jpeg\" \/>\n<meta name=\"twitter:card\" content=\"summary_large_image\" \/>\n<meta name=\"twitter:label1\" content=\"Tiempo de lectura\" \/>\n\t<meta name=\"twitter:data1\" content=\"4 minutos\" \/>\n<script type=\"application\/ld+json\" class=\"yoast-schema-graph\">{\"@context\":\"https:\/\/schema.org\",\"@graph\":[{\"@type\":\"WebPage\",\"@id\":\"https:\/\/www.loiret-haentjens.fr\/es\/azucar-de-la-reunion\/\",\"url\":\"https:\/\/www.loiret-haentjens.fr\/es\/azucar-de-la-reunion\/\",\"name\":\"Az\u00facar de La Reuni\u00f3n | Loiret &amp; Ha\u00ebntjens\",\"isPartOf\":{\"@id\":\"https:\/\/www.loiret-haentjens.fr\/es\/#website\"},\"primaryImageOfPage\":{\"@id\":\"https:\/\/www.loiret-haentjens.fr\/es\/azucar-de-la-reunion\/#primaryimage\"},\"image\":{\"@id\":\"https:\/\/www.loiret-haentjens.fr\/es\/azucar-de-la-reunion\/#primaryimage\"},\"thumbnailUrl\":\"https:\/\/www.loiret-haentjens.fr\/wp-content\/uploads\/68b2e29dedca8afdb1e32bc6c88b07779ba1cbcb-scaled.jpg\",\"datePublished\":\"2025-11-04T11:17:58+00:00\",\"dateModified\":\"2025-12-05T09:47:30+00:00\",\"description\":\"El az\u00facar de La Reuni\u00f3n: un origen de excelencia Situada en el coraz\u00f3n del&nbsp;Oc\u00e9ano \u00cdndico, La Reuni\u00f3n disfruta de condiciones naturales \u00fanicas para el\",\"breadcrumb\":{\"@id\":\"https:\/\/www.loiret-haentjens.fr\/es\/azucar-de-la-reunion\/#breadcrumb\"},\"inLanguage\":\"es\",\"potentialAction\":[{\"@type\":\"ReadAction\",\"target\":[\"https:\/\/www.loiret-haentjens.fr\/es\/azucar-de-la-reunion\/\"]}]},{\"@type\":\"ImageObject\",\"inLanguage\":\"es\",\"@id\":\"https:\/\/www.loiret-haentjens.fr\/es\/azucar-de-la-reunion\/#primaryimage\",\"url\":\"https:\/\/www.loiret-haentjens.fr\/wp-content\/uploads\/68b2e29dedca8afdb1e32bc6c88b07779ba1cbcb-scaled.jpg\",\"contentUrl\":\"https:\/\/www.loiret-haentjens.fr\/wp-content\/uploads\/68b2e29dedca8afdb1e32bc6c88b07779ba1cbcb-scaled.jpg\",\"width\":2560,\"height\":1917},{\"@type\":\"BreadcrumbList\",\"@id\":\"https:\/\/www.loiret-haentjens.fr\/es\/azucar-de-la-reunion\/#breadcrumb\",\"itemListElement\":[{\"@type\":\"ListItem\",\"position\":1,\"name\":\"Accueil\",\"item\":\"https:\/\/www.loiret-haentjens.fr\/es\/\"},{\"@type\":\"ListItem\",\"position\":2,\"name\":\"Az\u00facar de La Reuni\u00f3n\"}]},{\"@type\":\"WebSite\",\"@id\":\"https:\/\/www.loiret-haentjens.fr\/es\/#website\",\"url\":\"https:\/\/www.loiret-haentjens.fr\/es\/\",\"name\":\"Loiret Haentjens\",\"description\":\"\",\"publisher\":{\"@id\":\"https:\/\/www.loiret-haentjens.fr\/es\/#organization\"},\"potentialAction\":[{\"@type\":\"SearchAction\",\"target\":{\"@type\":\"EntryPoint\",\"urlTemplate\":\"https:\/\/www.loiret-haentjens.fr\/es\/?s={search_term_string}\"},\"query-input\":{\"@type\":\"PropertyValueSpecification\",\"valueRequired\":true,\"valueName\":\"search_term_string\"}}],\"inLanguage\":\"es\"},{\"@type\":\"Organization\",\"@id\":\"https:\/\/www.loiret-haentjens.fr\/es\/#organization\",\"name\":\"Loiret Haentjens\",\"url\":\"https:\/\/www.loiret-haentjens.fr\/es\/\",\"logo\":{\"@type\":\"ImageObject\",\"inLanguage\":\"es\",\"@id\":\"https:\/\/www.loiret-haentjens.fr\/es\/#\/schema\/logo\/image\/\",\"url\":\"https:\/\/www.loiret-haentjens.fr\/wp-content\/uploads\/logo-loiret-haentjens.svg\",\"contentUrl\":\"https:\/\/www.loiret-haentjens.fr\/wp-content\/uploads\/logo-loiret-haentjens.svg\",\"width\":132,\"height\":82,\"caption\":\"Loiret Haentjens\"},\"image\":{\"@id\":\"https:\/\/www.loiret-haentjens.fr\/es\/#\/schema\/logo\/image\/\"}}]}<\/script>\n<!-- \/ Yoast SEO plugin. -->","yoast_head_json":{"title":"Az\u00facar de La Reuni\u00f3n | Loiret &amp; Ha\u00ebntjens","description":"El az\u00facar de La Reuni\u00f3n: un origen de excelencia Situada en el coraz\u00f3n del&nbsp;Oc\u00e9ano \u00cdndico, La Reuni\u00f3n disfruta de condiciones naturales \u00fanicas para el","robots":{"index":"index","follow":"follow","max-snippet":"max-snippet:-1","max-image-preview":"max-image-preview:large","max-video-preview":"max-video-preview:-1"},"canonical":"https:\/\/www.loiret-haentjens.fr\/es\/azucar-de-la-reunion\/","og_locale":"es_ES","og_type":"article","og_title":"Az\u00facar de La Reuni\u00f3n | Loiret &amp; Ha\u00ebntjens","og_description":"El az\u00facar de La Reuni\u00f3n: un origen de excelencia Situada en el coraz\u00f3n del&nbsp;Oc\u00e9ano \u00cdndico, La Reuni\u00f3n disfruta de condiciones naturales \u00fanicas para el","og_url":"https:\/\/www.loiret-haentjens.fr\/es\/azucar-de-la-reunion\/","og_site_name":"Loiret &amp; Ha\u00ebntjens","article_modified_time":"2025-12-05T09:47:30+00:00","og_image":[{"width":2560,"height":1917,"url":"https:\/\/www.loiret-haentjens.fr\/wp-content\/uploads\/68b2e29dedca8afdb1e32bc6c88b07779ba1cbcb-scaled.jpg","type":"image\/jpeg"}],"twitter_card":"summary_large_image","twitter_misc":{"Tiempo de lectura":"4 minutos"},"schema":{"@context":"https:\/\/schema.org","@graph":[{"@type":"WebPage","@id":"https:\/\/www.loiret-haentjens.fr\/es\/azucar-de-la-reunion\/","url":"https:\/\/www.loiret-haentjens.fr\/es\/azucar-de-la-reunion\/","name":"Az\u00facar de La Reuni\u00f3n | Loiret &amp; Ha\u00ebntjens","isPartOf":{"@id":"https:\/\/www.loiret-haentjens.fr\/es\/#website"},"primaryImageOfPage":{"@id":"https:\/\/www.loiret-haentjens.fr\/es\/azucar-de-la-reunion\/#primaryimage"},"image":{"@id":"https:\/\/www.loiret-haentjens.fr\/es\/azucar-de-la-reunion\/#primaryimage"},"thumbnailUrl":"https:\/\/www.loiret-haentjens.fr\/wp-content\/uploads\/68b2e29dedca8afdb1e32bc6c88b07779ba1cbcb-scaled.jpg","datePublished":"2025-11-04T11:17:58+00:00","dateModified":"2025-12-05T09:47:30+00:00","description":"El az\u00facar de La Reuni\u00f3n: un origen de excelencia Situada en el coraz\u00f3n del&nbsp;Oc\u00e9ano \u00cdndico, La Reuni\u00f3n disfruta de condiciones naturales \u00fanicas para el","breadcrumb":{"@id":"https:\/\/www.loiret-haentjens.fr\/es\/azucar-de-la-reunion\/#breadcrumb"},"inLanguage":"es","potentialAction":[{"@type":"ReadAction","target":["https:\/\/www.loiret-haentjens.fr\/es\/azucar-de-la-reunion\/"]}]},{"@type":"ImageObject","inLanguage":"es","@id":"https:\/\/www.loiret-haentjens.fr\/es\/azucar-de-la-reunion\/#primaryimage","url":"https:\/\/www.loiret-haentjens.fr\/wp-content\/uploads\/68b2e29dedca8afdb1e32bc6c88b07779ba1cbcb-scaled.jpg","contentUrl":"https:\/\/www.loiret-haentjens.fr\/wp-content\/uploads\/68b2e29dedca8afdb1e32bc6c88b07779ba1cbcb-scaled.jpg","width":2560,"height":1917},{"@type":"BreadcrumbList","@id":"https:\/\/www.loiret-haentjens.fr\/es\/azucar-de-la-reunion\/#breadcrumb","itemListElement":[{"@type":"ListItem","position":1,"name":"Accueil","item":"https:\/\/www.loiret-haentjens.fr\/es\/"},{"@type":"ListItem","position":2,"name":"Az\u00facar de La Reuni\u00f3n"}]},{"@type":"WebSite","@id":"https:\/\/www.loiret-haentjens.fr\/es\/#website","url":"https:\/\/www.loiret-haentjens.fr\/es\/","name":"Loiret Haentjens","description":"","publisher":{"@id":"https:\/\/www.loiret-haentjens.fr\/es\/#organization"},"potentialAction":[{"@type":"SearchAction","target":{"@type":"EntryPoint","urlTemplate":"https:\/\/www.loiret-haentjens.fr\/es\/?s={search_term_string}"},"query-input":{"@type":"PropertyValueSpecification","valueRequired":true,"valueName":"search_term_string"}}],"inLanguage":"es"},{"@type":"Organization","@id":"https:\/\/www.loiret-haentjens.fr\/es\/#organization","name":"Loiret Haentjens","url":"https:\/\/www.loiret-haentjens.fr\/es\/","logo":{"@type":"ImageObject","inLanguage":"es","@id":"https:\/\/www.loiret-haentjens.fr\/es\/#\/schema\/logo\/image\/","url":"https:\/\/www.loiret-haentjens.fr\/wp-content\/uploads\/logo-loiret-haentjens.svg","contentUrl":"https:\/\/www.loiret-haentjens.fr\/wp-content\/uploads\/logo-loiret-haentjens.svg","width":132,"height":82,"caption":"Loiret Haentjens"},"image":{"@id":"https:\/\/www.loiret-haentjens.fr\/es\/#\/schema\/logo\/image\/"}}]}},"_links":{"self":[{"href":"https:\/\/www.loiret-haentjens.fr\/es\/wp-json\/wp\/v2\/pages\/855","targetHints":{"allow":["GET"]}}],"collection":[{"href":"https:\/\/www.loiret-haentjens.fr\/es\/wp-json\/wp\/v2\/pages"}],"about":[{"href":"https:\/\/www.loiret-haentjens.fr\/es\/wp-json\/wp\/v2\/types\/page"}],"author":[{"embeddable":true,"href":"https:\/\/www.loiret-haentjens.fr\/es\/wp-json\/wp\/v2\/users\/1"}],"replies":[{"embeddable":true,"href":"https:\/\/www.loiret-haentjens.fr\/es\/wp-json\/wp\/v2\/comments?post=855"}],"version-history":[{"count":3,"href":"https:\/\/www.loiret-haentjens.fr\/es\/wp-json\/wp\/v2\/pages\/855\/revisions"}],"predecessor-version":[{"id":1029,"href":"https:\/\/www.loiret-haentjens.fr\/es\/wp-json\/wp\/v2\/pages\/855\/revisions\/1029"}],"wp:featuredmedia":[{"embeddable":true,"href":"https:\/\/www.loiret-haentjens.fr\/es\/wp-json\/wp\/v2\/media\/856"}],"wp:attachment":[{"href":"https:\/\/www.loiret-haentjens.fr\/es\/wp-json\/wp\/v2\/media?parent=855"}],"curies":[{"name":"wp","href":"https:\/\/api.w.org\/{rel}","templated":true}]}}