{"id":851,"date":"2025-11-04T12:17:58","date_gmt":"2025-11-04T11:17:58","guid":{"rendered":"https:\/\/www.loiret-haentjens.fr\/sucre-autres-origines\/"},"modified":"2025-12-05T10:48:58","modified_gmt":"2025-12-05T09:48:58","slug":"azucares-de-otros-origenes","status":"publish","type":"page","link":"https:\/\/www.loiret-haentjens.fr\/es\/azucares-de-otros-origenes\/","title":{"rendered":"Az\u00facares de\u00a0otros\u00a0or\u00edgenes"},"content":{"rendered":"\n<div class=\"wp-block-group alignfull has-light-grey-background-color has-background has-global-padding is-layout-constrained wp-block-group-is-layout-constrained\" style=\"padding-top:var(--wp--preset--spacing--plus-1);padding-bottom:var(--wp--preset--spacing--plus-1)\">\n<div class=\"wp-block-group has-global-padding is-layout-constrained wp-container-core-group-is-layout-12197635 wp-block-group-is-layout-constrained\" style=\"padding-top:var(--wp--preset--spacing--plus-4);padding-bottom:var(--wp--preset--spacing--plus-4)\">\n<div class=\"wp-block-columns are-vertically-aligned-center is-layout-flex wp-container-core-columns-is-layout-28f84493 wp-block-columns-is-layout-flex\">\n<div class=\"wp-block-column is-vertically-aligned-center is-layout-flow wp-block-column-is-layout-flow\" style=\"flex-basis:33.33%\">\n<figure class=\"wp-block-image size-full is-style-rounded\"><img decoding=\"async\" width=\"271\" height=\"267\" src=\"https:\/\/www.loiret-haentjens.fr\/wp-content\/uploads\/sucre-de-canne-adobestock-425366901.jpg\" alt=\"\" class=\"wp-image-708\"\/><\/figure>\n<\/div>\n\n\n\n<div class=\"wp-block-column is-vertically-aligned-center is-layout-flow wp-block-column-is-layout-flow\" style=\"flex-basis:66.66%\">\n<h2 class=\"wp-block-heading has-dark-green-color has-text-color has-link-color wp-elements-290d5e90078aeefb6519e92a738d9de8\">Az\u00facares morenos de ca\u00f1a<\/h2>\n\n\n\n<p>Producto emblem\u00e1tico de nuestra actividad, el az\u00facar moreno de ca\u00f1a recibe una atenci\u00f3n especial en nuestro proceso de selecci\u00f3n. Ya sea convencional, org\u00e1nico o de comercio justo, proviene de regiones reconocidas por la calidad de su ca\u00f1a de az\u00facar, principalmente en Am\u00e9rica del Sur y Asia.<br>Nuestro papel consiste en identificar los mejores or\u00edgenes, garantizar su regularidad y conformidad, y responder a las exigencias espec\u00edficas de cada cliente.<br>Esta diversidad de abastecimiento ofrece una gran flexibilidad log\u00edstica y una calidad constante,\u00a0poniendo\u00a0en valor los saberes locales.<\/p>\n<\/div>\n<\/div>\n\n\n\n<div class=\"wp-block-columns are-vertically-aligned-center is-layout-flex wp-container-core-columns-is-layout-28f84493 wp-block-columns-is-layout-flex\">\n<div class=\"wp-block-column is-vertically-aligned-center is-layout-flow wp-block-column-is-layout-flow\" style=\"flex-basis:33.33%\">\n<figure class=\"wp-block-image size-full is-style-rounded\"><img decoding=\"async\" width=\"271\" height=\"267\" src=\"https:\/\/www.loiret-haentjens.fr\/wp-content\/uploads\/sucre-bio-1-adobestock-77018686.jpg\" alt=\"\" class=\"wp-image-716\"\/><\/figure>\n<\/div>\n\n\n\n<div class=\"wp-block-column is-vertically-aligned-center is-layout-flow wp-block-column-is-layout-flow\" style=\"flex-basis:66.66%\">\n<h2 class=\"wp-block-heading has-dark-green-color has-text-color has-link-color wp-elements-6d28a2f8621e4cd9b97f7277400578a9\">Az\u00facares org\u00e1nicos<\/h2>\n\n\n\n<p>Pionera en el mercado del az\u00facar org\u00e1nico desde 1996, Loiret &amp; Ha\u00ebntjens es hoy uno de los l\u00edderes europeos del sector.<br>Importamos az\u00facares de ca\u00f1a procedentes de cadenas de producci\u00f3n org\u00e1nica establecidas en Am\u00e9rica Latina y Asia. Estas asociaciones de largo plazo nos permiten garantizar una trazabilidad completa, cumpliendo estrictamente con las normas europeas.<\/p>\n\n\n\n<p>Al trabajar con productores comprometidos con pr\u00e1cticas agr\u00edcolas sostenibles, sin fertilizantes qu\u00edmicos ni pesticidas, ofrecemos a nuestros clientes un producto seguro, respetuoso con el medio ambiente y con las personas que lo cultivan.<\/p>\n<\/div>\n<\/div>\n\n\n\n<div class=\"wp-block-columns are-vertically-aligned-center is-layout-flex wp-container-core-columns-is-layout-28f84493 wp-block-columns-is-layout-flex\">\n<div class=\"wp-block-column is-vertically-aligned-center is-layout-flow wp-block-column-is-layout-flow\" style=\"flex-basis:33.33%\">\n<figure class=\"wp-block-image size-full is-style-rounded\"><img decoding=\"async\" width=\"271\" height=\"271\" src=\"https:\/\/www.loiret-haentjens.fr\/wp-content\/uploads\/sucre-equitable.jpg\" alt=\"\" class=\"wp-image-717\" srcset=\"https:\/\/www.loiret-haentjens.fr\/wp-content\/uploads\/sucre-equitable.jpg 271w, https:\/\/www.loiret-haentjens.fr\/wp-content\/uploads\/sucre-equitable-150x150.jpg 150w\" sizes=\"(max-width: 271px) 100vw, 271px\" \/><\/figure>\n<\/div>\n\n\n\n<div class=\"wp-block-column is-vertically-aligned-center is-layout-flow wp-block-column-is-layout-flow\" style=\"flex-basis:66.66%\">\n<h2 class=\"wp-block-heading has-dark-green-color has-text-color has-link-color wp-elements-420e4809c05dc0534abc2697b695647c\">Az\u00facares de comercio justo<\/h2>\n\n\n\n<p>Todos nuestros az\u00facares de comercio justo son tambi\u00e9n org\u00e1nicos. Proceden de cadenas de suministro que combinan calidad del producto e impacto positivo en los territorios locales.<br>Al colaborar con cooperativas agr\u00edcolas, principalmente en Am\u00e9rica Latina, contribuimos a financiar proyectos colectivos que mejoran las condiciones de vida de los agricultores y sus familias: acceso al agua, salud, educaci\u00f3n e infraestructuras agr\u00edcolas.<\/p>\n\n\n\n<p>Estas relaciones de confianza, construidas a lo largo del tiempo, se refuerzan con visitas regulares al terreno para seguir la evoluci\u00f3n de las pr\u00e1cticas y los beneficios concretos.<br>Es un compromiso humano y medioambiental, compartido con nuestros clientes.<\/p>\n<\/div>\n<\/div>\n\n\n\n<div class=\"wp-block-columns are-vertically-aligned-center is-layout-flex wp-container-core-columns-is-layout-28f84493 wp-block-columns-is-layout-flex\">\n<div class=\"wp-block-column is-vertically-aligned-center is-layout-flow wp-block-column-is-layout-flow\" style=\"flex-basis:33.33%\">\n<figure class=\"wp-block-image size-full is-style-rounded\"><img decoding=\"async\" width=\"271\" height=\"267\" src=\"https:\/\/www.loiret-haentjens.fr\/wp-content\/uploads\/sucre-blanc-adobestock-155631402.jpg\" alt=\"\" class=\"wp-image-718\"\/><\/figure>\n<\/div>\n\n\n\n<div class=\"wp-block-column is-vertically-aligned-center is-layout-flow wp-block-column-is-layout-flow\" style=\"flex-basis:66.66%\">\n<h2 class=\"wp-block-heading has-dark-green-color has-text-color has-link-color wp-elements-5800458271ac81b16f4047e431784933\">Az\u00facares blancos<\/h2>\n\n\n\n<p>Ofrecemos una gama completa de az\u00facares blancos, principalmente de ca\u00f1a, adaptados a las necesidades de los transformadores agroalimentarios y de los distribuidores.<br>Disponibles en versi\u00f3n convencional, org\u00e1nica o de comercio justo, nuestros az\u00facares blancos cumplen criterios estrictos de pureza y regularidad.<\/p>\n\n\n\n<p>Nuestra maestr\u00eda\u00a0de la cadena log\u00edstica \u2014desde el almacenamiento hasta la entrega\u2014 garantiza un servicio fiable y reactivo. Cada producto se selecciona con rigor, en estrecha colaboraci\u00f3n con nuestros\u00a0proveedores, para ofrecer a nuestros clientes un az\u00facar de calidad constante y conforme a sus especificaciones.<\/p>\n<\/div>\n<\/div>\n<\/div>\n<\/div>\n","protected":false},"excerpt":{"rendered":"<p>Az\u00facares morenos de ca\u00f1a Producto emblem\u00e1tico de nuestra actividad, el az\u00facar moreno de ca\u00f1a recibe una atenci\u00f3n especial en nuestro proceso de selecci\u00f3n. Ya sea convencional, org\u00e1nico o de comercio justo, proviene de regiones reconocidas por la calidad de su ca\u00f1a de az\u00facar, principalmente en Am\u00e9rica del Sur y Asia.Nuestro papel consiste en identificar los [&hellip;]<\/p>\n","protected":false},"author":1,"featured_media":852,"parent":0,"menu_order":0,"comment_status":"closed","ping_status":"closed","template":"","meta":{"_acf_changed":false,"footnotes":""},"class_list":["post-851","page","type-page","status-publish","has-post-thumbnail","hentry"],"acf":[],"yoast_head":"<!-- This site is optimized with the Yoast SEO plugin v26.5 - https:\/\/yoast.com\/wordpress\/plugins\/seo\/ -->\n<title>Az\u00facares de\u00a0otros\u00a0or\u00edgenes | Loiret &amp; Ha\u00ebntjens<\/title>\n<meta name=\"description\" content=\"Az\u00facares morenos de ca\u00f1a Producto emblem\u00e1tico de nuestra actividad, el az\u00facar moreno de ca\u00f1a recibe una atenci\u00f3n especial en nuestro proceso de selecci\u00f3n.\" \/>\n<meta name=\"robots\" content=\"index, follow, max-snippet:-1, max-image-preview:large, max-video-preview:-1\" \/>\n<link rel=\"canonical\" href=\"https:\/\/www.loiret-haentjens.fr\/es\/azucares-de-otros-origenes\/\" \/>\n<meta property=\"og:locale\" content=\"es_ES\" \/>\n<meta property=\"og:type\" content=\"article\" \/>\n<meta property=\"og:title\" content=\"Az\u00facares de\u00a0otros\u00a0or\u00edgenes | Loiret &amp; Ha\u00ebntjens\" \/>\n<meta property=\"og:description\" content=\"Az\u00facares morenos de ca\u00f1a Producto emblem\u00e1tico de nuestra actividad, el az\u00facar moreno de ca\u00f1a recibe una atenci\u00f3n especial en nuestro proceso de selecci\u00f3n.\" \/>\n<meta property=\"og:url\" content=\"https:\/\/www.loiret-haentjens.fr\/es\/azucares-de-otros-origenes\/\" \/>\n<meta property=\"og:site_name\" content=\"Loiret &amp; Ha\u00ebntjens\" \/>\n<meta property=\"article:modified_time\" content=\"2025-12-05T09:48:58+00:00\" \/>\n<meta property=\"og:image\" content=\"https:\/\/www.loiret-haentjens.fr\/wp-content\/uploads\/0bb8b9ddc5ad05280c15454b2e1e5a172fded939.jpg\" \/>\n\t<meta property=\"og:image:width\" content=\"800\" \/>\n\t<meta property=\"og:image:height\" content=\"534\" \/>\n\t<meta property=\"og:image:type\" content=\"image\/jpeg\" \/>\n<meta name=\"twitter:card\" content=\"summary_large_image\" \/>\n<meta name=\"twitter:label1\" content=\"Tiempo de lectura\" \/>\n\t<meta name=\"twitter:data1\" content=\"3 minutos\" \/>\n<script type=\"application\/ld+json\" class=\"yoast-schema-graph\">{\"@context\":\"https:\/\/schema.org\",\"@graph\":[{\"@type\":\"WebPage\",\"@id\":\"https:\/\/www.loiret-haentjens.fr\/es\/azucares-de-otros-origenes\/\",\"url\":\"https:\/\/www.loiret-haentjens.fr\/es\/azucares-de-otros-origenes\/\",\"name\":\"Az\u00facares de\u00a0otros\u00a0or\u00edgenes | Loiret &amp; Ha\u00ebntjens\",\"isPartOf\":{\"@id\":\"https:\/\/www.loiret-haentjens.fr\/es\/#website\"},\"primaryImageOfPage\":{\"@id\":\"https:\/\/www.loiret-haentjens.fr\/es\/azucares-de-otros-origenes\/#primaryimage\"},\"image\":{\"@id\":\"https:\/\/www.loiret-haentjens.fr\/es\/azucares-de-otros-origenes\/#primaryimage\"},\"thumbnailUrl\":\"https:\/\/www.loiret-haentjens.fr\/wp-content\/uploads\/0bb8b9ddc5ad05280c15454b2e1e5a172fded939.jpg\",\"datePublished\":\"2025-11-04T11:17:58+00:00\",\"dateModified\":\"2025-12-05T09:48:58+00:00\",\"description\":\"Az\u00facares morenos de ca\u00f1a Producto emblem\u00e1tico de nuestra actividad, el az\u00facar moreno de ca\u00f1a recibe una atenci\u00f3n especial en nuestro proceso de selecci\u00f3n.\",\"breadcrumb\":{\"@id\":\"https:\/\/www.loiret-haentjens.fr\/es\/azucares-de-otros-origenes\/#breadcrumb\"},\"inLanguage\":\"es\",\"potentialAction\":[{\"@type\":\"ReadAction\",\"target\":[\"https:\/\/www.loiret-haentjens.fr\/es\/azucares-de-otros-origenes\/\"]}]},{\"@type\":\"ImageObject\",\"inLanguage\":\"es\",\"@id\":\"https:\/\/www.loiret-haentjens.fr\/es\/azucares-de-otros-origenes\/#primaryimage\",\"url\":\"https:\/\/www.loiret-haentjens.fr\/wp-content\/uploads\/0bb8b9ddc5ad05280c15454b2e1e5a172fded939.jpg\",\"contentUrl\":\"https:\/\/www.loiret-haentjens.fr\/wp-content\/uploads\/0bb8b9ddc5ad05280c15454b2e1e5a172fded939.jpg\",\"width\":800,\"height\":534},{\"@type\":\"BreadcrumbList\",\"@id\":\"https:\/\/www.loiret-haentjens.fr\/es\/azucares-de-otros-origenes\/#breadcrumb\",\"itemListElement\":[{\"@type\":\"ListItem\",\"position\":1,\"name\":\"Accueil\",\"item\":\"https:\/\/www.loiret-haentjens.fr\/es\/\"},{\"@type\":\"ListItem\",\"position\":2,\"name\":\"Az\u00facares de\u00a0otros\u00a0or\u00edgenes\"}]},{\"@type\":\"WebSite\",\"@id\":\"https:\/\/www.loiret-haentjens.fr\/es\/#website\",\"url\":\"https:\/\/www.loiret-haentjens.fr\/es\/\",\"name\":\"Loiret Haentjens\",\"description\":\"\",\"publisher\":{\"@id\":\"https:\/\/www.loiret-haentjens.fr\/es\/#organization\"},\"potentialAction\":[{\"@type\":\"SearchAction\",\"target\":{\"@type\":\"EntryPoint\",\"urlTemplate\":\"https:\/\/www.loiret-haentjens.fr\/es\/?s={search_term_string}\"},\"query-input\":{\"@type\":\"PropertyValueSpecification\",\"valueRequired\":true,\"valueName\":\"search_term_string\"}}],\"inLanguage\":\"es\"},{\"@type\":\"Organization\",\"@id\":\"https:\/\/www.loiret-haentjens.fr\/es\/#organization\",\"name\":\"Loiret Haentjens\",\"url\":\"https:\/\/www.loiret-haentjens.fr\/es\/\",\"logo\":{\"@type\":\"ImageObject\",\"inLanguage\":\"es\",\"@id\":\"https:\/\/www.loiret-haentjens.fr\/es\/#\/schema\/logo\/image\/\",\"url\":\"https:\/\/www.loiret-haentjens.fr\/wp-content\/uploads\/logo-loiret-haentjens.svg\",\"contentUrl\":\"https:\/\/www.loiret-haentjens.fr\/wp-content\/uploads\/logo-loiret-haentjens.svg\",\"width\":132,\"height\":82,\"caption\":\"Loiret Haentjens\"},\"image\":{\"@id\":\"https:\/\/www.loiret-haentjens.fr\/es\/#\/schema\/logo\/image\/\"}}]}<\/script>\n<!-- \/ Yoast SEO plugin. -->","yoast_head_json":{"title":"Az\u00facares de\u00a0otros\u00a0or\u00edgenes | Loiret &amp; Ha\u00ebntjens","description":"Az\u00facares morenos de ca\u00f1a Producto emblem\u00e1tico de nuestra actividad, el az\u00facar moreno de ca\u00f1a recibe una atenci\u00f3n especial en nuestro proceso de selecci\u00f3n.","robots":{"index":"index","follow":"follow","max-snippet":"max-snippet:-1","max-image-preview":"max-image-preview:large","max-video-preview":"max-video-preview:-1"},"canonical":"https:\/\/www.loiret-haentjens.fr\/es\/azucares-de-otros-origenes\/","og_locale":"es_ES","og_type":"article","og_title":"Az\u00facares de\u00a0otros\u00a0or\u00edgenes | Loiret &amp; Ha\u00ebntjens","og_description":"Az\u00facares morenos de ca\u00f1a Producto emblem\u00e1tico de nuestra actividad, el az\u00facar moreno de ca\u00f1a recibe una atenci\u00f3n especial en nuestro proceso de selecci\u00f3n.","og_url":"https:\/\/www.loiret-haentjens.fr\/es\/azucares-de-otros-origenes\/","og_site_name":"Loiret &amp; Ha\u00ebntjens","article_modified_time":"2025-12-05T09:48:58+00:00","og_image":[{"width":800,"height":534,"url":"https:\/\/www.loiret-haentjens.fr\/wp-content\/uploads\/0bb8b9ddc5ad05280c15454b2e1e5a172fded939.jpg","type":"image\/jpeg"}],"twitter_card":"summary_large_image","twitter_misc":{"Tiempo de lectura":"3 minutos"},"schema":{"@context":"https:\/\/schema.org","@graph":[{"@type":"WebPage","@id":"https:\/\/www.loiret-haentjens.fr\/es\/azucares-de-otros-origenes\/","url":"https:\/\/www.loiret-haentjens.fr\/es\/azucares-de-otros-origenes\/","name":"Az\u00facares de\u00a0otros\u00a0or\u00edgenes | Loiret &amp; Ha\u00ebntjens","isPartOf":{"@id":"https:\/\/www.loiret-haentjens.fr\/es\/#website"},"primaryImageOfPage":{"@id":"https:\/\/www.loiret-haentjens.fr\/es\/azucares-de-otros-origenes\/#primaryimage"},"image":{"@id":"https:\/\/www.loiret-haentjens.fr\/es\/azucares-de-otros-origenes\/#primaryimage"},"thumbnailUrl":"https:\/\/www.loiret-haentjens.fr\/wp-content\/uploads\/0bb8b9ddc5ad05280c15454b2e1e5a172fded939.jpg","datePublished":"2025-11-04T11:17:58+00:00","dateModified":"2025-12-05T09:48:58+00:00","description":"Az\u00facares morenos de ca\u00f1a Producto emblem\u00e1tico de nuestra actividad, el az\u00facar moreno de ca\u00f1a recibe una atenci\u00f3n especial en nuestro proceso de selecci\u00f3n.","breadcrumb":{"@id":"https:\/\/www.loiret-haentjens.fr\/es\/azucares-de-otros-origenes\/#breadcrumb"},"inLanguage":"es","potentialAction":[{"@type":"ReadAction","target":["https:\/\/www.loiret-haentjens.fr\/es\/azucares-de-otros-origenes\/"]}]},{"@type":"ImageObject","inLanguage":"es","@id":"https:\/\/www.loiret-haentjens.fr\/es\/azucares-de-otros-origenes\/#primaryimage","url":"https:\/\/www.loiret-haentjens.fr\/wp-content\/uploads\/0bb8b9ddc5ad05280c15454b2e1e5a172fded939.jpg","contentUrl":"https:\/\/www.loiret-haentjens.fr\/wp-content\/uploads\/0bb8b9ddc5ad05280c15454b2e1e5a172fded939.jpg","width":800,"height":534},{"@type":"BreadcrumbList","@id":"https:\/\/www.loiret-haentjens.fr\/es\/azucares-de-otros-origenes\/#breadcrumb","itemListElement":[{"@type":"ListItem","position":1,"name":"Accueil","item":"https:\/\/www.loiret-haentjens.fr\/es\/"},{"@type":"ListItem","position":2,"name":"Az\u00facares de\u00a0otros\u00a0or\u00edgenes"}]},{"@type":"WebSite","@id":"https:\/\/www.loiret-haentjens.fr\/es\/#website","url":"https:\/\/www.loiret-haentjens.fr\/es\/","name":"Loiret Haentjens","description":"","publisher":{"@id":"https:\/\/www.loiret-haentjens.fr\/es\/#organization"},"potentialAction":[{"@type":"SearchAction","target":{"@type":"EntryPoint","urlTemplate":"https:\/\/www.loiret-haentjens.fr\/es\/?s={search_term_string}"},"query-input":{"@type":"PropertyValueSpecification","valueRequired":true,"valueName":"search_term_string"}}],"inLanguage":"es"},{"@type":"Organization","@id":"https:\/\/www.loiret-haentjens.fr\/es\/#organization","name":"Loiret Haentjens","url":"https:\/\/www.loiret-haentjens.fr\/es\/","logo":{"@type":"ImageObject","inLanguage":"es","@id":"https:\/\/www.loiret-haentjens.fr\/es\/#\/schema\/logo\/image\/","url":"https:\/\/www.loiret-haentjens.fr\/wp-content\/uploads\/logo-loiret-haentjens.svg","contentUrl":"https:\/\/www.loiret-haentjens.fr\/wp-content\/uploads\/logo-loiret-haentjens.svg","width":132,"height":82,"caption":"Loiret Haentjens"},"image":{"@id":"https:\/\/www.loiret-haentjens.fr\/es\/#\/schema\/logo\/image\/"}}]}},"_links":{"self":[{"href":"https:\/\/www.loiret-haentjens.fr\/es\/wp-json\/wp\/v2\/pages\/851","targetHints":{"allow":["GET"]}}],"collection":[{"href":"https:\/\/www.loiret-haentjens.fr\/es\/wp-json\/wp\/v2\/pages"}],"about":[{"href":"https:\/\/www.loiret-haentjens.fr\/es\/wp-json\/wp\/v2\/types\/page"}],"author":[{"embeddable":true,"href":"https:\/\/www.loiret-haentjens.fr\/es\/wp-json\/wp\/v2\/users\/1"}],"replies":[{"embeddable":true,"href":"https:\/\/www.loiret-haentjens.fr\/es\/wp-json\/wp\/v2\/comments?post=851"}],"version-history":[{"count":1,"href":"https:\/\/www.loiret-haentjens.fr\/es\/wp-json\/wp\/v2\/pages\/851\/revisions"}],"predecessor-version":[{"id":1030,"href":"https:\/\/www.loiret-haentjens.fr\/es\/wp-json\/wp\/v2\/pages\/851\/revisions\/1030"}],"wp:featuredmedia":[{"embeddable":true,"href":"https:\/\/www.loiret-haentjens.fr\/es\/wp-json\/wp\/v2\/media\/852"}],"wp:attachment":[{"href":"https:\/\/www.loiret-haentjens.fr\/es\/wp-json\/wp\/v2\/media?parent=851"}],"curies":[{"name":"wp","href":"https:\/\/api.w.org\/{rel}","templated":true}]}}