{"id":847,"date":"2024-08-29T15:45:33","date_gmt":"2024-08-29T13:45:33","guid":{"rendered":"https:\/\/www.loiret-haentjens.fr\/politique-de-confidentialite\/"},"modified":"2025-12-05T15:27:53","modified_gmt":"2025-12-05T14:27:53","slug":"legal-notices-and-privacy-policy","status":"publish","type":"page","link":"https:\/\/www.loiret-haentjens.fr\/en\/legal-notices-and-privacy-policy\/","title":{"rendered":"Legal notices and privacy policy"},"content":{"rendered":"\n<div class=\"wp-block-group has-global-padding is-layout-constrained wp-block-group-is-layout-constrained\" style=\"padding-top:var(--wp--preset--spacing--plus-4);padding-bottom:var(--wp--preset--spacing--plus-4)\">\n<div class=\"wp-block-group has-global-padding is-layout-constrained wp-container-core-group-is-layout-cee7c174 wp-block-group-is-layout-constrained\">\n<h2 class=\"wp-block-heading\">Mentions l\u00e9gales<\/h2>\n\n\n\n<h3 class=\"wp-block-heading\">Identit\u00e9<\/h3>\n\n\n\n<p>Le site web https:\/\/www.loiret-haentjens.fr\/ (d\u00e9sign\u00e9 le \u00ab site \u00bb ci-apr\u00e8s) est \u00e9dit\u00e9 par la soci\u00e9t\u00e9 <strong>Loiret &amp; Haentjens Sucre R\u00e9union<\/strong><\/p>\n\n\n\n<p>Adresse : (si\u00e8ge social) 23 Rue Raymond Verg\u00e8s \u2013 97441 Sainte-Suzanne (R\u00e9union)<br>T\u00e9l\u00e9phone : 06 18 36 46 64<br>Email : stephane.bricout@loiret-haentjens.com<\/p>\n\n\n\n<p>Soci\u00e9t\u00e9 : Loiret &amp; Haentjens Sucre R\u00e9union SAS<br>Capital : 2&nbsp;907 770 \u20ac<br>N\u00b0 SIRET : (si\u00e8ge social) 885&nbsp;170&nbsp;274 00017<\/p>\n\n\n\n<p>Directeur de publication : Antoine Lh\u00e9ritier<br>T\u00e9l\u00e9phone : 06 92 77 49 53<br>Email antoine.lheritier@tereos.com<\/p>\n\n\n\n<h3 class=\"wp-block-heading\">H\u00e9bergement<\/h3>\n\n\n\n<p>L\u2019h\u00e9bergement du site est assur\u00e9 par la soci\u00e9t\u00e9 Images Cr\u00e9ations. <br>Adresse : 67 rue Nicolas Appert 44100 Nantes<br>T\u00e9l\u00e9phone : 02 40 50 77 66<\/p>\n\n\n\n<h3 class=\"wp-block-heading\">Cr\u00e9dits<\/h3>\n\n\n\n<p>Ce site a \u00e9t\u00e9 con\u00e7u et r\u00e9alis\u00e9 par l\u2019agence web Images Cr\u00e9ations. <br>Adresse : 67 rue Nicolas Appert 44100 Nantes<br>T\u00e9l\u00e9phone : 02 40 50 77 66 <br>www.imagescreations.fr<\/p>\n\n\n\n<p>Images et illustrations : Shutterstock, iStock, Adobe Stock, Freepik, Unsplash, Pexels.<\/p>\n<\/div>\n\n\n\n<div class=\"wp-block-group has-global-padding is-layout-constrained wp-container-core-group-is-layout-cee7c174 wp-block-group-is-layout-constrained\">\n<h2 class=\"wp-block-heading\">Conditions d\u2019utilisation<\/h2>\n\n\n\n<h3 class=\"wp-block-heading\">Objectif et qualit\u00e9 des contenus<\/h3>\n\n\n\n<p>Ce site a pour objectif d\u2019informer les internautes professionnels et particuliers sur l\u2019activit\u00e9 de la soci\u00e9t\u00e9 <strong>Loiret &amp; Haentjens Sucre R\u00e9union.<\/strong><\/p>\n\n\n\n<p>Malgr\u00e9 nos efforts constants pour publier et maintenir des contenus fiables et v\u00e9rifi\u00e9s, il se peut qu\u2019une information soit inexacte, incompl\u00e8te, inadapt\u00e9e ou erron\u00e9e. Dans ce cas vous pouvez la signaler en nous adressant un message par le biais de <strong>notre formulaire de contact.<\/strong><\/p>\n\n\n\n<h3 class=\"wp-block-heading\">Droits d\u2019auteur<\/h3>\n\n\n\n<p>Les textes, slogans, dessins, images, photographies, vid\u00e9os, s\u00e9quences anim\u00e9es sonores ou non ainsi que toutes \u0153uvres int\u00e9gr\u00e9es sur le site sont la propri\u00e9t\u00e9 <strong>du groupe Tereos <\/strong>ou de tiers ayant autoris\u00e9 \u00e0 les utiliser. Les logos, pictogrammes, ic\u00f4nes et \u00e9l\u00e9ments graphiques repr\u00e9sent\u00e9s sur le site sont prot\u00e9g\u00e9s au titre des droits d\u2019auteur et de L\u2019articles L.511.1 du Code de la Propri\u00e9t\u00e9 Intellectuelle relatifs \u00e0 la protection des mod\u00e8les d\u00e9pos\u00e9s.<\/p>\n\n\n\n<p>Les reproductions sur support papier ou informatique dudit site et des \u0153uvres qui y sont reproduites sont autoris\u00e9es sous r\u00e9serve qu\u2019elles soient strictement r\u00e9serv\u00e9es \u00e0 un usage personnel excluant tout usage \u00e0 des fins publicitaires et\/ou commerciales, et\/ou d\u2019information et qu\u2019elles soient conformes aux dispositions de l\u2019article L.122- 5 du Code de la Propri\u00e9t\u00e9 Intellectuelle.<\/p>\n\n\n\n<p>\u00c0 l\u2019exception des dispositions ci-dessus, toute reproduction, repr\u00e9sentation, utilisation ou modification, par quelque proc\u00e9d\u00e9 que ce soit et sur quelque support que ce soit, de tout ou partie du site, de tout ou partie des diff\u00e9rentes \u0153uvres qui le composent, sans avoir obtenu l\u2019autorisation pr\u00e9alable de <strong>la soci\u00e9t\u00e9 Loiret &amp; Haentjens Sucre R\u00e9union<\/strong> est strictement interdite et constitue un d\u00e9lit de contrefa\u00e7on ce qui peut donner suite \u00e0 des poursuites judiciaires civiles et\/ou p\u00e9nales et au paiement de dommages et int\u00e9r\u00eats.<\/p>\n\n\n\n<h3 class=\"wp-block-heading\">Accessibilit\u00e9<\/h3>\n\n\n\n<p>Bien que la soci\u00e9t\u00e9 <strong>Loiret &amp; Haentjens Sucre R\u00e9union<\/strong> ne soit pas une soci\u00e9t\u00e9 de service public, ce site a \u00e9t\u00e9 r\u00e9alis\u00e9 afin de le rendre accessible au plus grand nombre d\u2019internautes, y compris ceux en situation de handicap (visuel, auditif, moteur, trouble dyslexie\u2026).<\/p>\n\n\n\n<p>Ce site a \u00e9t\u00e9 con\u00e7u en suivant les principales r\u00e8gles ergonomiques et d\u2019accessibilit\u00e9 d\u00e9finies dans le r\u00e9f\u00e9rentiel g\u00e9n\u00e9ral d\u2019am\u00e9lioration de l\u2019accessibilit\u00e9 (RGAA) en vigueur au moment de sa cr\u00e9ation. Ce site n\u2019ayant pas fait l\u2019objet d\u2019un audit, une conformit\u00e9 int\u00e9grale (100%) n\u2019est pas assur\u00e9e. Si vous \u00e9prouvez une difficult\u00e9 \u00e0 lire ou consulter<\/p>\n\n\n\n<p>une information, merci de nous en informer par le formulaire de contact de ce site ou par voie postale. Nous nous efforcerons de vous apporter le compl\u00e9ment d\u2019information n\u00e9cessaire et, si besoin, corriger tout probl\u00e8me d\u2019accessibilit\u00e9 dans les plus brefs d\u00e9lais.<\/p>\n<\/div>\n\n\n\n<div class=\"wp-block-group has-global-padding is-layout-constrained wp-container-core-group-is-layout-cee7c174 wp-block-group-is-layout-constrained\">\n<h2 class=\"wp-block-heading\">Traitement des donn\u00e9es personnelles des utilisateurs<\/h2>\n\n\n\n<h3 class=\"wp-block-heading\">S\u00e9curit\u00e9 et confidentialit\u00e9<\/h3>\n\n\n\n<p>Nous mettons tout en \u0153uvre pour garantir la s\u00e9curit\u00e9 et la confidentialit\u00e9 des donn\u00e9es personnelles de nos utilisateurs : nous ne collectons que les donn\u00e9es strictement n\u00e9cessaires \u00e0 l\u2019accomplissement de missions sp\u00e9cifiques et d\u00e9finies, nous restreignons les acc\u00e8s aux donn\u00e9es au personnel concern\u00e9 et comp\u00e9tent pour les traiter, nous supprimons les donn\u00e9es apr\u00e8s utilisation ou lorsqu\u2019elles sont arriv\u00e9es \u00e0 \u00e9ch\u00e9ance de leur dur\u00e9e de conservation. Nous proc\u00e9dons \u00e0 des examens r\u00e9guliers de nos pratiques et politiques de respect de la vie priv\u00e9e et maintenons des mesures de s\u00e9curit\u00e9 physiques ou logiques (acc\u00e8s s\u00e9curis\u00e9, authentification, sauvegardes crypt\u00e9es, pare-feu, logiciels antivirus, etc.)<\/p>\n\n\n\n<h3 class=\"wp-block-heading\">Collecte de donn\u00e9es et consentement<\/h3>\n\n\n\n<p>Les formulaires pr\u00e9sents sur ce site permettent de collecter des donn\u00e9es personnelles qui font l\u2019objet d\u2019un traitement informatique. Sur chacun de ces formulaires une case \u00e0 cocher, non coch\u00e9e par d\u00e9faut (opt-in), permet de recueillir explicitement votre consentement afin que nous puissions collecter et traiter vos donn\u00e9es.<\/p>\n\n\n\n<p>Les donn\u00e9es saisies puis stock\u00e9es dans la base de donn\u00e9es du site nous permettent d\u2019identifier votre besoin, transmettre la demande \u00e0 l\u2019interlocuteur appropri\u00e9 et de vous joindre en retour. La plupart des donn\u00e9es demand\u00e9es sont facultatives, seules les donn\u00e9es obligatoires (libell\u00e9 du champ agr\u00e9ment\u00e9 d\u2019un ast\u00e9risque) nous sont essentielles pour traiter votre demande. Ces donn\u00e9es ne sont en aucun cas vendues, c\u00e9d\u00e9es ou transmises \u00e0 des tiers et sont conserv\u00e9es pour une dur\u00e9e maximale de 12 mois.<\/p>\n\n\n\n<h3 class=\"wp-block-heading\">Acc\u00e8s, modification et suppression des donn\u00e9es<\/h3>\n\n\n\n<p>Conform\u00e9ment \u00e0 la l\u00e9gislation en vigueur, vous disposez d\u2019un droit d\u2019acc\u00e8s, de modification, de rectification et de suppression des donn\u00e9es nominatives qui vous concernent, en adressant votre demande via le formulaire de contact de ce site ou par voie postale.<\/p>\n<\/div>\n\n\n\n<div class=\"wp-block-group has-global-padding is-layout-constrained wp-container-core-group-is-layout-cee7c174 wp-block-group-is-layout-constrained\">\n<h2 class=\"wp-block-heading\">Utilisation de cookies<\/h2>\n\n\n\n<p>Un cookie est un traceur stock\u00e9 dans le navigateur de chaque internaute qui permet de suivre et analyser sa navigation.<\/p>\n\n\n\n<p>Conform\u00e9ment \u00e0 la l\u00e9gislation en vigueur (RGPD) nous demandons votre consentement pour autoriser le d\u00e9p\u00f4t de cookies \u00e0 l\u2019aide d\u2019une fen\u00eatre modale qui s\u2019affiche lors de votre premi\u00e8re visite et dans laquelle il vous est possible : d\u2019accepter tous les cookies, de refuser tous les cookies ou de param\u00e9trer individuellement chaque cat\u00e9gorie de cookies \u00e0 autoriser ou refuser. Vous pouvez \u00e0 tout moment modifier ces param\u00e8tres en cliquant sur le bandeau \u00ab Param\u00e9trer les Cookies \u00bb en bas de chaque page. La liste des cookies utilis\u00e9s sur ce site est disponible depuis cette fen\u00eatre.<\/p>\n<\/div>\n<\/div>\n","protected":false},"excerpt":{"rendered":"<p>Mentions l\u00e9gales Identit\u00e9 Le site web https:\/\/www.loiret-haentjens.fr\/ (d\u00e9sign\u00e9 le \u00ab site \u00bb ci-apr\u00e8s) est \u00e9dit\u00e9 par la soci\u00e9t\u00e9 Loiret &amp; Haentjens Sucre R\u00e9union Adresse : (si\u00e8ge social) 23 Rue Raymond Verg\u00e8s \u2013 97441 Sainte-Suzanne (R\u00e9union)T\u00e9l\u00e9phone : 06 18 36 46 64Email : stephane.bricout@loiret-haentjens.com Soci\u00e9t\u00e9 : Loiret &amp; Haentjens Sucre R\u00e9union SASCapital : 2&nbsp;907 770 \u20acN\u00b0 [&hellip;]<\/p>\n","protected":false},"author":1,"featured_media":0,"parent":0,"menu_order":0,"comment_status":"closed","ping_status":"closed","template":"","meta":{"_acf_changed":false,"footnotes":""},"class_list":["post-847","page","type-page","status-publish","hentry"],"acf":[],"yoast_head":"<!-- This site is optimized with the Yoast SEO plugin v26.5 - https:\/\/yoast.com\/wordpress\/plugins\/seo\/ -->\n<title>Legal notices and privacy policy | Loiret &amp; Ha\u00ebntjens<\/title>\n<meta name=\"robots\" content=\"index, follow, max-snippet:-1, max-image-preview:large, max-video-preview:-1\" \/>\n<link rel=\"canonical\" href=\"https:\/\/www.loiret-haentjens.fr\/en\/legal-notices-and-privacy-policy\/\" \/>\n<meta property=\"og:locale\" content=\"en_US\" \/>\n<meta property=\"og:type\" content=\"article\" \/>\n<meta property=\"og:title\" content=\"Legal notices and privacy policy | Loiret &amp; Ha\u00ebntjens\" \/>\n<meta property=\"og:description\" content=\"Mentions l\u00e9gales Identit\u00e9 Le site web https:\/\/www.loiret-haentjens.fr\/ (d\u00e9sign\u00e9 le \u00ab site \u00bb ci-apr\u00e8s) est \u00e9dit\u00e9 par la soci\u00e9t\u00e9 Loiret &amp; Haentjens Sucre R\u00e9union Adresse : (si\u00e8ge social) 23 Rue Raymond Verg\u00e8s \u2013 97441 Sainte-Suzanne (R\u00e9union)T\u00e9l\u00e9phone : 06 18 36 46 64Email : stephane.bricout@loiret-haentjens.com Soci\u00e9t\u00e9 : Loiret &amp; Haentjens Sucre R\u00e9union SASCapital : 2&nbsp;907 770 \u20acN\u00b0 [&hellip;]\" \/>\n<meta property=\"og:url\" content=\"https:\/\/www.loiret-haentjens.fr\/en\/legal-notices-and-privacy-policy\/\" \/>\n<meta property=\"og:site_name\" content=\"Loiret &amp; Ha\u00ebntjens\" \/>\n<meta property=\"article:modified_time\" content=\"2025-12-05T14:27:53+00:00\" \/>\n<meta property=\"og:image\" content=\"https:\/\/www.loiret-haentjens.fr\/wp-content\/uploads\/favicon-loiret-haentjens-1.png\" \/>\n\t<meta property=\"og:image:width\" content=\"512\" \/>\n\t<meta property=\"og:image:height\" content=\"512\" \/>\n\t<meta property=\"og:image:type\" content=\"image\/png\" \/>\n<meta name=\"twitter:card\" content=\"summary_large_image\" \/>\n<meta name=\"twitter:label1\" content=\"Est. reading time\" \/>\n\t<meta name=\"twitter:data1\" content=\"5 minutes\" \/>\n<script type=\"application\/ld+json\" class=\"yoast-schema-graph\">{\"@context\":\"https:\/\/schema.org\",\"@graph\":[{\"@type\":\"WebPage\",\"@id\":\"https:\/\/www.loiret-haentjens.fr\/en\/legal-notices-and-privacy-policy\/\",\"url\":\"https:\/\/www.loiret-haentjens.fr\/en\/legal-notices-and-privacy-policy\/\",\"name\":\"Legal notices and privacy policy | Loiret &amp; Ha\u00ebntjens\",\"isPartOf\":{\"@id\":\"https:\/\/www.loiret-haentjens.fr\/en\/#website\"},\"datePublished\":\"2024-08-29T13:45:33+00:00\",\"dateModified\":\"2025-12-05T14:27:53+00:00\",\"breadcrumb\":{\"@id\":\"https:\/\/www.loiret-haentjens.fr\/en\/legal-notices-and-privacy-policy\/#breadcrumb\"},\"inLanguage\":\"en-US\",\"potentialAction\":[{\"@type\":\"ReadAction\",\"target\":[\"https:\/\/www.loiret-haentjens.fr\/en\/legal-notices-and-privacy-policy\/\"]}]},{\"@type\":\"BreadcrumbList\",\"@id\":\"https:\/\/www.loiret-haentjens.fr\/en\/legal-notices-and-privacy-policy\/#breadcrumb\",\"itemListElement\":[{\"@type\":\"ListItem\",\"position\":1,\"name\":\"Accueil\",\"item\":\"https:\/\/www.loiret-haentjens.fr\/en\/\"},{\"@type\":\"ListItem\",\"position\":2,\"name\":\"Legal notices and privacy policy\"}]},{\"@type\":\"WebSite\",\"@id\":\"https:\/\/www.loiret-haentjens.fr\/en\/#website\",\"url\":\"https:\/\/www.loiret-haentjens.fr\/en\/\",\"name\":\"Loiret Haentjens\",\"description\":\"\",\"publisher\":{\"@id\":\"https:\/\/www.loiret-haentjens.fr\/en\/#organization\"},\"potentialAction\":[{\"@type\":\"SearchAction\",\"target\":{\"@type\":\"EntryPoint\",\"urlTemplate\":\"https:\/\/www.loiret-haentjens.fr\/en\/?s={search_term_string}\"},\"query-input\":{\"@type\":\"PropertyValueSpecification\",\"valueRequired\":true,\"valueName\":\"search_term_string\"}}],\"inLanguage\":\"en-US\"},{\"@type\":\"Organization\",\"@id\":\"https:\/\/www.loiret-haentjens.fr\/en\/#organization\",\"name\":\"Loiret Haentjens\",\"url\":\"https:\/\/www.loiret-haentjens.fr\/en\/\",\"logo\":{\"@type\":\"ImageObject\",\"inLanguage\":\"en-US\",\"@id\":\"https:\/\/www.loiret-haentjens.fr\/en\/#\/schema\/logo\/image\/\",\"url\":\"https:\/\/www.loiret-haentjens.fr\/wp-content\/uploads\/logo-loiret-haentjens.svg\",\"contentUrl\":\"https:\/\/www.loiret-haentjens.fr\/wp-content\/uploads\/logo-loiret-haentjens.svg\",\"width\":132,\"height\":82,\"caption\":\"Loiret Haentjens\"},\"image\":{\"@id\":\"https:\/\/www.loiret-haentjens.fr\/en\/#\/schema\/logo\/image\/\"}}]}<\/script>\n<!-- \/ Yoast SEO plugin. -->","yoast_head_json":{"title":"Legal notices and privacy policy | Loiret &amp; Ha\u00ebntjens","robots":{"index":"index","follow":"follow","max-snippet":"max-snippet:-1","max-image-preview":"max-image-preview:large","max-video-preview":"max-video-preview:-1"},"canonical":"https:\/\/www.loiret-haentjens.fr\/en\/legal-notices-and-privacy-policy\/","og_locale":"en_US","og_type":"article","og_title":"Legal notices and privacy policy | Loiret &amp; Ha\u00ebntjens","og_description":"Mentions l\u00e9gales Identit\u00e9 Le site web https:\/\/www.loiret-haentjens.fr\/ (d\u00e9sign\u00e9 le \u00ab site \u00bb ci-apr\u00e8s) est \u00e9dit\u00e9 par la soci\u00e9t\u00e9 Loiret &amp; Haentjens Sucre R\u00e9union Adresse : (si\u00e8ge social) 23 Rue Raymond Verg\u00e8s \u2013 97441 Sainte-Suzanne (R\u00e9union)T\u00e9l\u00e9phone : 06 18 36 46 64Email : stephane.bricout@loiret-haentjens.com Soci\u00e9t\u00e9 : Loiret &amp; Haentjens Sucre R\u00e9union SASCapital : 2&nbsp;907 770 \u20acN\u00b0 [&hellip;]","og_url":"https:\/\/www.loiret-haentjens.fr\/en\/legal-notices-and-privacy-policy\/","og_site_name":"Loiret &amp; Ha\u00ebntjens","article_modified_time":"2025-12-05T14:27:53+00:00","og_image":[{"width":512,"height":512,"url":"https:\/\/www.loiret-haentjens.fr\/wp-content\/uploads\/favicon-loiret-haentjens-1.png","type":"image\/png"}],"twitter_card":"summary_large_image","twitter_misc":{"Est. reading time":"5 minutes"},"schema":{"@context":"https:\/\/schema.org","@graph":[{"@type":"WebPage","@id":"https:\/\/www.loiret-haentjens.fr\/en\/legal-notices-and-privacy-policy\/","url":"https:\/\/www.loiret-haentjens.fr\/en\/legal-notices-and-privacy-policy\/","name":"Legal notices and privacy policy | Loiret &amp; Ha\u00ebntjens","isPartOf":{"@id":"https:\/\/www.loiret-haentjens.fr\/en\/#website"},"datePublished":"2024-08-29T13:45:33+00:00","dateModified":"2025-12-05T14:27:53+00:00","breadcrumb":{"@id":"https:\/\/www.loiret-haentjens.fr\/en\/legal-notices-and-privacy-policy\/#breadcrumb"},"inLanguage":"en-US","potentialAction":[{"@type":"ReadAction","target":["https:\/\/www.loiret-haentjens.fr\/en\/legal-notices-and-privacy-policy\/"]}]},{"@type":"BreadcrumbList","@id":"https:\/\/www.loiret-haentjens.fr\/en\/legal-notices-and-privacy-policy\/#breadcrumb","itemListElement":[{"@type":"ListItem","position":1,"name":"Accueil","item":"https:\/\/www.loiret-haentjens.fr\/en\/"},{"@type":"ListItem","position":2,"name":"Legal notices and privacy policy"}]},{"@type":"WebSite","@id":"https:\/\/www.loiret-haentjens.fr\/en\/#website","url":"https:\/\/www.loiret-haentjens.fr\/en\/","name":"Loiret Haentjens","description":"","publisher":{"@id":"https:\/\/www.loiret-haentjens.fr\/en\/#organization"},"potentialAction":[{"@type":"SearchAction","target":{"@type":"EntryPoint","urlTemplate":"https:\/\/www.loiret-haentjens.fr\/en\/?s={search_term_string}"},"query-input":{"@type":"PropertyValueSpecification","valueRequired":true,"valueName":"search_term_string"}}],"inLanguage":"en-US"},{"@type":"Organization","@id":"https:\/\/www.loiret-haentjens.fr\/en\/#organization","name":"Loiret Haentjens","url":"https:\/\/www.loiret-haentjens.fr\/en\/","logo":{"@type":"ImageObject","inLanguage":"en-US","@id":"https:\/\/www.loiret-haentjens.fr\/en\/#\/schema\/logo\/image\/","url":"https:\/\/www.loiret-haentjens.fr\/wp-content\/uploads\/logo-loiret-haentjens.svg","contentUrl":"https:\/\/www.loiret-haentjens.fr\/wp-content\/uploads\/logo-loiret-haentjens.svg","width":132,"height":82,"caption":"Loiret Haentjens"},"image":{"@id":"https:\/\/www.loiret-haentjens.fr\/en\/#\/schema\/logo\/image\/"}}]}},"_links":{"self":[{"href":"https:\/\/www.loiret-haentjens.fr\/en\/wp-json\/wp\/v2\/pages\/847","targetHints":{"allow":["GET"]}}],"collection":[{"href":"https:\/\/www.loiret-haentjens.fr\/en\/wp-json\/wp\/v2\/pages"}],"about":[{"href":"https:\/\/www.loiret-haentjens.fr\/en\/wp-json\/wp\/v2\/types\/page"}],"author":[{"embeddable":true,"href":"https:\/\/www.loiret-haentjens.fr\/en\/wp-json\/wp\/v2\/users\/1"}],"replies":[{"embeddable":true,"href":"https:\/\/www.loiret-haentjens.fr\/en\/wp-json\/wp\/v2\/comments?post=847"}],"version-history":[{"count":4,"href":"https:\/\/www.loiret-haentjens.fr\/en\/wp-json\/wp\/v2\/pages\/847\/revisions"}],"predecessor-version":[{"id":1078,"href":"https:\/\/www.loiret-haentjens.fr\/en\/wp-json\/wp\/v2\/pages\/847\/revisions\/1078"}],"wp:attachment":[{"href":"https:\/\/www.loiret-haentjens.fr\/en\/wp-json\/wp\/v2\/media?parent=847"}],"curies":[{"name":"wp","href":"https:\/\/api.w.org\/{rel}","templated":true}]}}